{"id":701,"date":"2025-04-24T22:33:31","date_gmt":"2025-04-24T21:33:31","guid":{"rendered":"https:\/\/www.comturquoise.fr\/developpement-personnel-france\/?page_id=701"},"modified":"2025-06-03T09:06:17","modified_gmt":"2025-06-03T08:06:17","slug":"etats-dame","status":"publish","type":"page","link":"https:\/\/www.comturquoise.fr\/developpement-personnel-france\/etats-dame\/","title":{"rendered":"\u00catats d&rsquo;\u00c2me"},"content":{"rendered":"<p><span style=\"font-size: 14pt; font-family: Arial, Helvetica, sans-serif;\">\u00ab L&rsquo;homme entend tous les cris d&rsquo;angoisse de l&rsquo;Univers et il doit y faire na\u00eetre la douceur\u2026 \u00bb dit l\u2019ange des \u00ab\u00a0<em>Dialogues avec l\u2019ange<\/em>\u00a0\u00bb de Gitta Mallasz.<\/span><\/p>\n<p><span style=\"font-size: 14pt; font-family: Arial, Helvetica, sans-serif;\">Chaque jour, nous sommes effectivement travers\u00e9s par des sensations, des impressions, des <\/span><span style=\"font-size: 14pt; font-family: Arial, Helvetica, sans-serif;\">intuitions qui nous renseignent sur l\u2019\u00e9tat du Monde, et qui influent sur nos propres vibrations.<br \/><\/span><br \/><span style=\"font-size: 14pt; font-family: Arial, Helvetica, sans-serif;\">Je vous propose de vous transmettre r\u00e9guli\u00e8rement \u00ab\u00a0le son du monde\u00a0\u00bb\u00a0:<\/span><\/p>\n<p><span style=\"font-size: 14pt; font-family: Arial, Helvetica, sans-serif;\">&#8211; Soit des informations d\u2019enseignants spirituels,<\/span><br \/><span style=\"font-size: 14pt; font-family: Arial, Helvetica, sans-serif;\">&#8211; Soit des r\u00e9actions d\u2019auteur, de th\u00e9rapeute, d\u2019astrologue\u2026<\/span><br \/><span style=\"font-size: 14pt; font-family: Arial, Helvetica, sans-serif;\">&#8211; Soit des citations qui correspondent \u00e0 l\u2019\u00e9tat actuel de la vibration plan\u00e9taire,<\/span><br \/><span style=\"font-size: 14pt; font-family: Arial, Helvetica, sans-serif;\">&#8211; Soit des ressentis personnels.<\/span><\/p>\n\n\n<div class=\"wp-container-2 wp-block-columns\">\n<div class=\"wp-container-1 wp-block-column\"><\/div>\n<\/div>\n\n\n<ul class=\"wp-block-latest-posts__list has-dates wp-block-latest-posts\"><li><div class=\"wp-block-latest-posts__featured-image alignleft\"><a href=\"https:\/\/www.comturquoise.fr\/developpement-personnel-france\/2025\/01\/24\/rvr-radio-interview-ya-dla-joie-christine-mallen-attachee-de-presse\/\" aria-label=\"\u00a0RVR Radio \/ \u00e9mission : Y\u2019a d\u2019la Joie\"><img width=\"150\" height=\"150\" src=\"https:\/\/www.comturquoise.fr\/developpement-personnel-france\/wp-content\/uploads\/2025\/11\/img_20251021_145011-150x150.jpg\" class=\"attachment-thumbnail size-thumbnail wp-post-image\" alt=\"\" loading=\"lazy\" style=\"\" srcset=\"https:\/\/www.comturquoise.fr\/developpement-personnel-france\/wp-content\/uploads\/2025\/11\/img_20251021_145011-150x150.jpg 150w, https:\/\/www.comturquoise.fr\/developpement-personnel-france\/wp-content\/uploads\/2025\/11\/img_20251021_145011-200x200.jpg 200w\" sizes=\"(max-width: 150px) 100vw, 150px\" \/><\/a><\/div><a class=\"wp-block-latest-posts__post-title\" href=\"https:\/\/www.comturquoise.fr\/developpement-personnel-france\/2025\/01\/24\/rvr-radio-interview-ya-dla-joie-christine-mallen-attachee-de-presse\/\">\u00a0RVR Radio \/ \u00e9mission : Y\u2019a d\u2019la Joie<\/a><time datetime=\"2025-01-24T16:20:12+01:00\" class=\"wp-block-latest-posts__post-date\">24 janvier 2025<\/time><div class=\"wp-block-latest-posts__post-excerpt\">Interview : Christine Mallen, attach\u00e9e de presse<\/div><\/li>\n<li><div class=\"wp-block-latest-posts__featured-image alignleft\"><a href=\"https:\/\/www.comturquoise.fr\/developpement-personnel-france\/2025\/05\/31\/david-perroud-editions-jouvence\/\" aria-label=\"Encore un matin\u2026\"><img width=\"150\" height=\"150\" src=\"https:\/\/www.comturquoise.fr\/developpement-personnel-france\/wp-content\/uploads\/2025\/05\/worrasetplay_Sci-fi_future_vision_Europe_covered_in_a_glowing_d_b54cd70b-f006-41b8-9e29-03bc2aeda63f-150x150.png\" class=\"attachment-thumbnail size-thumbnail wp-post-image\" alt=\"\" loading=\"lazy\" style=\"\" srcset=\"https:\/\/www.comturquoise.fr\/developpement-personnel-france\/wp-content\/uploads\/2025\/05\/worrasetplay_Sci-fi_future_vision_Europe_covered_in_a_glowing_d_b54cd70b-f006-41b8-9e29-03bc2aeda63f-150x150.png 150w, https:\/\/www.comturquoise.fr\/developpement-personnel-france\/wp-content\/uploads\/2025\/05\/worrasetplay_Sci-fi_future_vision_Europe_covered_in_a_glowing_d_b54cd70b-f006-41b8-9e29-03bc2aeda63f-200x200.png 200w\" sizes=\"(max-width: 150px) 100vw, 150px\" \/><\/a><\/div><a class=\"wp-block-latest-posts__post-title\" href=\"https:\/\/www.comturquoise.fr\/developpement-personnel-france\/2025\/05\/31\/david-perroud-editions-jouvence\/\">Encore un matin\u2026<\/a><time datetime=\"2025-05-31T16:22:04+01:00\" class=\"wp-block-latest-posts__post-date\">31 mai 2025<\/time><div class=\"wp-block-latest-posts__post-excerpt\">J\u2019ouvre un \u0153il\u2026 Comment sera la journ\u00e9e&nbsp;? Travers\u00e9s par des \u00e9gr\u00e9gores collectifs, par l\u2019humeur de la lune rose, brune ou sang, nous imaginons que nous sommes l\u2019unique cr\u00e9ateur de nos journ\u00e9es. Que nenni&nbsp;! Nos \u00e9tats physiques et psychiques ne d\u00e9pendent pas de nous, loin de l\u00e0&nbsp;: ils sont la r\u00e9sultante d\u2019ondes transmises par le monde humain, extra-terrestre, intra-terrestre, et au-del\u00e0, qui sait\u2026 La physique quantique n\u2019est pas encore claire pour moi. Cependant, elle [&hellip;]<\/div><\/li>\n<li><div class=\"wp-block-latest-posts__featured-image alignleft\"><a href=\"https:\/\/www.comturquoise.fr\/developpement-personnel-france\/2025\/05\/31\/et-si-nous-etions-reconnaissant-de-la-vie-chaque-jour\/\" aria-label=\"Et si nous \u00e9tions reconnaissant de la vie, chaque jour ?\"><img width=\"150\" height=\"150\" src=\"https:\/\/www.comturquoise.fr\/developpement-personnel-france\/wp-content\/uploads\/2025\/05\/FireShot-Capture-163-Episode-5-Pourquoi-etre-reconnaissante-_-Reveille-Nos-Coeurs_-reveillenoscoeurs.com_-150x150.png\" class=\"attachment-thumbnail size-thumbnail wp-post-image\" alt=\"\" loading=\"lazy\" style=\"\" srcset=\"https:\/\/www.comturquoise.fr\/developpement-personnel-france\/wp-content\/uploads\/2025\/05\/FireShot-Capture-163-Episode-5-Pourquoi-etre-reconnaissante-_-Reveille-Nos-Coeurs_-reveillenoscoeurs.com_-150x150.png 150w, https:\/\/www.comturquoise.fr\/developpement-personnel-france\/wp-content\/uploads\/2025\/05\/FireShot-Capture-163-Episode-5-Pourquoi-etre-reconnaissante-_-Reveille-Nos-Coeurs_-reveillenoscoeurs.com_-200x200.png 200w\" sizes=\"(max-width: 150px) 100vw, 150px\" \/><\/a><\/div><a class=\"wp-block-latest-posts__post-title\" href=\"https:\/\/www.comturquoise.fr\/developpement-personnel-france\/2025\/05\/31\/et-si-nous-etions-reconnaissant-de-la-vie-chaque-jour\/\">Et si nous \u00e9tions reconnaissant de la vie, chaque jour ?<\/a><time datetime=\"2025-05-31T16:27:31+01:00\" class=\"wp-block-latest-posts__post-date\">31 mai 2025<\/time><div class=\"wp-block-latest-posts__post-excerpt\">Tout parait tellement \u00e9ph\u00e9m\u00e8re : notre plan\u00e8te vivra sans nous, nos biens mat\u00e9riels peuvent nous \u00eatre \u00f4t\u00e9s demain matin, notre vie corporelle est un cadeau inestimable \u00e0 b\u00e9nir chaque jour, car elle peut virer de bord, elle aussi ! Et ceux que nous aimons si tendrement n\u2019ont gu\u00e8re plus d\u2019\u00e9ternit\u00e9 que nous-m\u00eames. C\u2019est cette conscience de l\u2019\u00e9ph\u00e9m\u00e8re qui au fond, me rend si pleine de gratitude. Go\u00fbtons la vie ! Je hume l\u2019odeur [&hellip;]<\/div><\/li>\n<\/ul>","protected":false},"excerpt":{"rendered":"<p>\u00ab L&rsquo;homme entend tous les cris d&rsquo;angoisse de l&rsquo;Univers et il doit y faire na\u00eetre la douceur\u2026 \u00bb dit l\u2019ange des \u00ab\u00a0Dialogues avec l\u2019ange\u00a0\u00bb de Gitta Mallasz. Chaque jour, nous [&hellip;]<\/p>\n","protected":false},"author":1,"featured_media":0,"parent":0,"menu_order":0,"comment_status":"closed","ping_status":"closed","template":"","meta":[],"_links":{"self":[{"href":"https:\/\/www.comturquoise.fr\/developpement-personnel-france\/wp-json\/wp\/v2\/pages\/701"}],"collection":[{"href":"https:\/\/www.comturquoise.fr\/developpement-personnel-france\/wp-json\/wp\/v2\/pages"}],"about":[{"href":"https:\/\/www.comturquoise.fr\/developpement-personnel-france\/wp-json\/wp\/v2\/types\/page"}],"author":[{"embeddable":true,"href":"https:\/\/www.comturquoise.fr\/developpement-personnel-france\/wp-json\/wp\/v2\/users\/1"}],"replies":[{"embeddable":true,"href":"https:\/\/www.comturquoise.fr\/developpement-personnel-france\/wp-json\/wp\/v2\/comments?post=701"}],"version-history":[{"count":8,"href":"https:\/\/www.comturquoise.fr\/developpement-personnel-france\/wp-json\/wp\/v2\/pages\/701\/revisions"}],"predecessor-version":[{"id":866,"href":"https:\/\/www.comturquoise.fr\/developpement-personnel-france\/wp-json\/wp\/v2\/pages\/701\/revisions\/866"}],"wp:attachment":[{"href":"https:\/\/www.comturquoise.fr\/developpement-personnel-france\/wp-json\/wp\/v2\/media?parent=701"}],"curies":[{"name":"wp","href":"https:\/\/api.w.org\/{rel}","templated":true}]}}