{"id":696,"date":"2025-04-24T22:09:22","date_gmt":"2025-04-24T21:09:22","guid":{"rendered":"https:\/\/www.comturquoise.fr\/developpement-personnel-france\/?page_id=696"},"modified":"2025-06-03T10:23:47","modified_gmt":"2025-06-03T09:23:47","slug":"evenements-tutti","status":"publish","type":"page","link":"https:\/\/www.comturquoise.fr\/developpement-personnel-france\/evenements-tutti\/","title":{"rendered":"Ev\u00e9nements &#038; Tutti"},"content":{"rendered":"<p><span style=\"font-size: 14pt;\">Il est \u00e9vident que notre plan\u00e8te traverse une p\u00e9riode tr\u00e8s particuli\u00e8re : si nous regardons le petit bout de la lorgnette, les conflits, les guerres et corruptions en tous genres semblent dominer le syst\u00e8me\u2026<\/span><\/p>\n<p><span style=\"font-size: 14pt;\">Il n\u2018en est rien : en souterrain des syst\u00e8mes \u00e9nerg\u00e9tiques subtils se mettent en route, des collectifs citoyens boutent hors de leur fonctionnement la peur et la soumission pour construire d\u2019autres possibles.<\/span><\/p>\n<p><span style=\"font-size: 14pt;\">Partout, des \u00e9v\u00e8nements ouvrent la voie de l\u2019Amour !<br>Com Turquoise vous en transmettra quelques-uns, et n\u2019h\u00e9sitez pas \u00e0 m\u2019en faire part, afin que je puisse en parler.<\/span><\/p>\n<p><\/p>\n\n\n<div class=\"wp-container-2 wp-block-columns\">\n<div class=\"wp-container-1 wp-block-column\"><\/div>\n<\/div>\n\n\n<ul class=\"wp-block-latest-posts__list wp-block-latest-posts\"><li><div class=\"wp-block-latest-posts__featured-image alignleft\"><a href=\"https:\/\/www.comturquoise.fr\/developpement-personnel-france\/2025\/06\/03\/881\/\" aria-label=\"Des rendez-vous \u00e9nerg\u00e9tiques&lt;br&gt;Avec Marie-France O&rsquo;Leary\"><img width=\"150\" height=\"150\" src=\"https:\/\/www.comturquoise.fr\/developpement-personnel-france\/wp-content\/uploads\/2025\/06\/oleary-150x150.png\" class=\"attachment-thumbnail size-thumbnail wp-post-image\" alt=\"\" loading=\"lazy\" style=\"\" srcset=\"https:\/\/www.comturquoise.fr\/developpement-personnel-france\/wp-content\/uploads\/2025\/06\/oleary-150x150.png 150w, https:\/\/www.comturquoise.fr\/developpement-personnel-france\/wp-content\/uploads\/2025\/06\/oleary-200x200.png 200w\" sizes=\"(max-width: 150px) 100vw, 150px\" \/><\/a><\/div><a class=\"wp-block-latest-posts__post-title\" href=\"https:\/\/www.comturquoise.fr\/developpement-personnel-france\/2025\/06\/03\/881\/\">Des rendez-vous \u00e9nerg\u00e9tiques<br>Avec Marie-France O&rsquo;Leary<\/a><div class=\"wp-block-latest-posts__post-excerpt\">Marie-France O\u2019Leary, \u00e9nerg\u00e9ticienne depuis 1974, propose au printemps et \u00e0 l\u2019\u00e9t\u00e9 2025 plusieursrendez-vous en r\u00e9gion parisienne et \u00e0 Aix-en-Provence. Entretiens individuels, soins \u00e9nerg\u00e9tiques et ateliers de magn\u00e9tisme vous offrent l\u2019occasion d\u2019un v\u00e9ritable recentrage. Chaque rencontre est une invitation [&hellip;]<\/div><\/li>\n<\/ul>","protected":false},"excerpt":{"rendered":"<p>Il est \u00e9vident que notre plan\u00e8te traverse une p\u00e9riode tr\u00e8s particuli\u00e8re : si nous regardons le petit bout de la lorgnette, les conflits, les guerres et corruptions en tous genres [&hellip;]<\/p>\n","protected":false},"author":1,"featured_media":0,"parent":0,"menu_order":0,"comment_status":"closed","ping_status":"closed","template":"","meta":[],"_links":{"self":[{"href":"https:\/\/www.comturquoise.fr\/developpement-personnel-france\/wp-json\/wp\/v2\/pages\/696"}],"collection":[{"href":"https:\/\/www.comturquoise.fr\/developpement-personnel-france\/wp-json\/wp\/v2\/pages"}],"about":[{"href":"https:\/\/www.comturquoise.fr\/developpement-personnel-france\/wp-json\/wp\/v2\/types\/page"}],"author":[{"embeddable":true,"href":"https:\/\/www.comturquoise.fr\/developpement-personnel-france\/wp-json\/wp\/v2\/users\/1"}],"replies":[{"embeddable":true,"href":"https:\/\/www.comturquoise.fr\/developpement-personnel-france\/wp-json\/wp\/v2\/comments?post=696"}],"version-history":[{"count":8,"href":"https:\/\/www.comturquoise.fr\/developpement-personnel-france\/wp-json\/wp\/v2\/pages\/696\/revisions"}],"predecessor-version":[{"id":902,"href":"https:\/\/www.comturquoise.fr\/developpement-personnel-france\/wp-json\/wp\/v2\/pages\/696\/revisions\/902"}],"wp:attachment":[{"href":"https:\/\/www.comturquoise.fr\/developpement-personnel-france\/wp-json\/wp\/v2\/media?parent=696"}],"curies":[{"name":"wp","href":"https:\/\/api.w.org\/{rel}","templated":true}]}}