{"id":550,"date":"2025-01-29T15:33:54","date_gmt":"2025-01-29T14:33:54","guid":{"rendered":"https:\/\/www.comturquoise.fr\/developpement-personnel-france\/?page_id=550"},"modified":"2025-06-03T13:41:12","modified_gmt":"2025-06-03T12:41:12","slug":"qui-suis-je","status":"publish","type":"page","link":"https:\/\/www.comturquoise.fr\/developpement-personnel-france\/qui-suis-je\/","title":{"rendered":"Qui Suis-Je ?"},"content":{"rendered":"\n<p style=\"font-size:18px;line-height:1.6\">Cr\u00e9\u00e9e en septembre 2006 par Christine Mallen,&nbsp;<strong>Com Turquoise<\/strong>&nbsp;est une agence de communication\/relations presse destin\u00e9e \u00e0 promouvoir tout ce qui am\u00e8ne l\u2019\u00eatre \u00e0 son \u00e9volution personnelle, spirituelle, \u00e0 travers : \u00e9v\u00e9nements, conf\u00e9rences, livres, \u00e9coles, vous-m\u00eame\u2026<\/p>\n\n\n\n<p><\/p>\n\n\n\n<figure class=\"wp-container-2 wp-block-gallery-1 wp-block-gallery has-nested-images columns-default is-cropped\">\n<figure class=\"wp-block-image size-large\"><img loading=\"lazy\" width=\"771\" height=\"1024\" data-id=\"859\"  src=\"https:\/\/www.comturquoise.fr\/developpement-personnel-france\/wp-content\/uploads\/2025\/06\/futurist4871_A_WOMAN_is_an_agent_for_authors_and_lecturers._She_686238e6-3336-4eb9-a804-e5e94d0ab644-771x1024.png\" alt=\"\" class=\"wp-image-859\" srcset=\"https:\/\/www.comturquoise.fr\/developpement-personnel-france\/wp-content\/uploads\/2025\/06\/futurist4871_A_WOMAN_is_an_agent_for_authors_and_lecturers._She_686238e6-3336-4eb9-a804-e5e94d0ab644-771x1024.png 771w, https:\/\/www.comturquoise.fr\/developpement-personnel-france\/wp-content\/uploads\/2025\/06\/futurist4871_A_WOMAN_is_an_agent_for_authors_and_lecturers._She_686238e6-3336-4eb9-a804-e5e94d0ab644-226x300.png 226w, https:\/\/www.comturquoise.fr\/developpement-personnel-france\/wp-content\/uploads\/2025\/06\/futurist4871_A_WOMAN_is_an_agent_for_authors_and_lecturers._She_686238e6-3336-4eb9-a804-e5e94d0ab644-768x1020.png 768w, https:\/\/www.comturquoise.fr\/developpement-personnel-france\/wp-content\/uploads\/2025\/06\/futurist4871_A_WOMAN_is_an_agent_for_authors_and_lecturers._She_686238e6-3336-4eb9-a804-e5e94d0ab644-1157x1536.png 1157w, https:\/\/www.comturquoise.fr\/developpement-personnel-france\/wp-content\/uploads\/2025\/06\/futurist4871_A_WOMAN_is_an_agent_for_authors_and_lecturers._She_686238e6-3336-4eb9-a804-e5e94d0ab644-1543x2048.png 1543w, https:\/\/www.comturquoise.fr\/developpement-personnel-france\/wp-content\/uploads\/2025\/06\/futurist4871_A_WOMAN_is_an_agent_for_authors_and_lecturers._She_686238e6-3336-4eb9-a804-e5e94d0ab644.png 1856w\" sizes=\"(max-width: 771px) 100vw, 771px\" \/><\/figure>\n\n\n\n<figure class=\"wp-block-image size-large\"><img loading=\"lazy\" width=\"771\" height=\"1024\" data-id=\"858\"  src=\"https:\/\/www.comturquoise.fr\/developpement-personnel-france\/wp-content\/uploads\/2025\/06\/futurist4871_A_woman_is_walking_in_nature_on_a_road_and_there_i_c43a3c65-92f3-4e54-9ad0-1483d6ef88d9-1-771x1024.png\" alt=\"\" class=\"wp-image-858\" srcset=\"https:\/\/www.comturquoise.fr\/developpement-personnel-france\/wp-content\/uploads\/2025\/06\/futurist4871_A_woman_is_walking_in_nature_on_a_road_and_there_i_c43a3c65-92f3-4e54-9ad0-1483d6ef88d9-1-771x1024.png 771w, https:\/\/www.comturquoise.fr\/developpement-personnel-france\/wp-content\/uploads\/2025\/06\/futurist4871_A_woman_is_walking_in_nature_on_a_road_and_there_i_c43a3c65-92f3-4e54-9ad0-1483d6ef88d9-1-226x300.png 226w, https:\/\/www.comturquoise.fr\/developpement-personnel-france\/wp-content\/uploads\/2025\/06\/futurist4871_A_woman_is_walking_in_nature_on_a_road_and_there_i_c43a3c65-92f3-4e54-9ad0-1483d6ef88d9-1-768x1020.png 768w, https:\/\/www.comturquoise.fr\/developpement-personnel-france\/wp-content\/uploads\/2025\/06\/futurist4871_A_woman_is_walking_in_nature_on_a_road_and_there_i_c43a3c65-92f3-4e54-9ad0-1483d6ef88d9-1-1157x1536.png 1157w, https:\/\/www.comturquoise.fr\/developpement-personnel-france\/wp-content\/uploads\/2025\/06\/futurist4871_A_woman_is_walking_in_nature_on_a_road_and_there_i_c43a3c65-92f3-4e54-9ad0-1483d6ef88d9-1-1543x2048.png 1543w, https:\/\/www.comturquoise.fr\/developpement-personnel-france\/wp-content\/uploads\/2025\/06\/futurist4871_A_woman_is_walking_in_nature_on_a_road_and_there_i_c43a3c65-92f3-4e54-9ad0-1483d6ef88d9-1.png 1856w\" sizes=\"(max-width: 771px) 100vw, 771px\" \/><\/figure>\n<\/figure>\n\n\n\n<p style=\"font-size:18px;line-height:1.6\">Com Turquoise a pour vocation de mettre en lumi\u00e8re, dans un but d\u2019\u00e9veil collectif :<\/p>\n\n\n\n<p style=\"font-size:18px;line-height:1.6\">Une sant\u00e9 \u00e0 l\u2019\u00e9coute du corps et de la psych\u00e9 gr\u00e2ce \u00e0 l\u2019\u00e9coute des mots, fil d\u2019Ariane de la gu\u00e9rison. Une d\u00e9marche qui vise \u00e0 gu\u00e9rir l\u2019homme, inspir\u00e9e d\u2019un r\u00e9el humanisme,<\/p>\n\n\n\n<p style=\"font-size:18px\">Des femmes et des hommes dont le parcours m\u00e9rite une vraie mise en lumi\u00e8re car ils sont inspirants, et leur aventure int\u00e9rieure est un vrai sillage pour les autres, car porteur de sens. Il peut s\u2019agir de projets, d\u2019expositions, de m\u00e9thodes th\u00e9rapeutiques, d\u2019ouvrages\u2026<\/p>\n\n\n\n<p style=\"font-size:18px;line-height:1.6\">Des \u00e9v\u00e9nements qui ouvrent les c\u0153urs, \u00e9largissent l\u2019esprit, et facilitent la prise de conscience que le Beau \u00e9l\u00e8ve l\u2019\u00e2me.<\/p>\n\n\n\n<p><\/p>\n\n\n\n<figure class=\"wp-container-4 wp-block-gallery-3 wp-block-gallery alignwide has-nested-images columns-2 is-cropped\">\n<figure class=\"wp-block-image size-large\"><img loading=\"lazy\" width=\"1024\" height=\"680\" data-id=\"755\"  src=\"https:\/\/www.comturquoise.fr\/developpement-personnel-france\/wp-content\/uploads\/2025\/05\/DSC_0682-1024x680.jpg\" alt=\"\" class=\"wp-image-755\" srcset=\"https:\/\/www.comturquoise.fr\/developpement-personnel-france\/wp-content\/uploads\/2025\/05\/DSC_0682-1024x680.jpg 1024w, https:\/\/www.comturquoise.fr\/developpement-personnel-france\/wp-content\/uploads\/2025\/05\/DSC_0682-300x199.jpg 300w, https:\/\/www.comturquoise.fr\/developpement-personnel-france\/wp-content\/uploads\/2025\/05\/DSC_0682-768x510.jpg 768w, https:\/\/www.comturquoise.fr\/developpement-personnel-france\/wp-content\/uploads\/2025\/05\/DSC_0682-1536x1020.jpg 1536w, https:\/\/www.comturquoise.fr\/developpement-personnel-france\/wp-content\/uploads\/2025\/05\/DSC_0682-2048x1360.jpg 2048w\" sizes=\"(max-width: 1024px) 100vw, 1024px\" \/><figcaption>RAYMOND MOODY &#8211; EBEN ALEXANDER<\/figcaption><\/figure>\n\n\n\n<figure class=\"wp-block-image size-large\"><img loading=\"lazy\" width=\"1024\" height=\"681\" data-id=\"748\"  src=\"https:\/\/www.comturquoise.fr\/developpement-personnel-france\/wp-content\/uploads\/2025\/05\/DSC_6054-1024x681.jpg\" alt=\"\" class=\"wp-image-748\" srcset=\"https:\/\/www.comturquoise.fr\/developpement-personnel-france\/wp-content\/uploads\/2025\/05\/DSC_6054-1024x681.jpg 1024w, https:\/\/www.comturquoise.fr\/developpement-personnel-france\/wp-content\/uploads\/2025\/05\/DSC_6054-300x200.jpg 300w, https:\/\/www.comturquoise.fr\/developpement-personnel-france\/wp-content\/uploads\/2025\/05\/DSC_6054-768x511.jpg 768w, https:\/\/www.comturquoise.fr\/developpement-personnel-france\/wp-content\/uploads\/2025\/05\/DSC_6054.jpg 1100w\" sizes=\"(max-width: 1024px) 100vw, 1024px\" \/><figcaption>LILOU MAC\u00c9 &amp; CHRISTINE<\/figcaption><\/figure>\n\n\n\n<figure class=\"wp-block-image size-large\"><img loading=\"lazy\" width=\"1024\" height=\"696\" data-id=\"749\"  src=\"https:\/\/www.comturquoise.fr\/developpement-personnel-france\/wp-content\/uploads\/2025\/05\/7-novembre-1024x696.jpg\" alt=\"\" class=\"wp-image-749\" srcset=\"https:\/\/www.comturquoise.fr\/developpement-personnel-france\/wp-content\/uploads\/2025\/05\/7-novembre-1024x696.jpg 1024w, https:\/\/www.comturquoise.fr\/developpement-personnel-france\/wp-content\/uploads\/2025\/05\/7-novembre-300x204.jpg 300w, https:\/\/www.comturquoise.fr\/developpement-personnel-france\/wp-content\/uploads\/2025\/05\/7-novembre-768x522.jpg 768w, https:\/\/www.comturquoise.fr\/developpement-personnel-france\/wp-content\/uploads\/2025\/05\/7-novembre-1536x1044.jpg 1536w, https:\/\/www.comturquoise.fr\/developpement-personnel-france\/wp-content\/uploads\/2025\/05\/7-novembre-2048x1392.jpg 2048w\" sizes=\"(max-width: 1024px) 100vw, 1024px\" \/><figcaption>GUY CORNEAU &amp; CHRISTINE<\/figcaption><\/figure>\n\n\n\n<figure class=\"wp-block-image size-large\"><img loading=\"lazy\" width=\"1024\" height=\"683\" data-id=\"805\"  src=\"https:\/\/www.comturquoise.fr\/developpement-personnel-france\/wp-content\/uploads\/2025\/06\/futurist4871_The_man_is_wearing_a_long-sleeved_jacket._In_the_b_ae940305-809a-4aa4-9e3a-68207f23e06e-1024x683.png\" alt=\"\" class=\"wp-image-805\" srcset=\"https:\/\/www.comturquoise.fr\/developpement-personnel-france\/wp-content\/uploads\/2025\/06\/futurist4871_The_man_is_wearing_a_long-sleeved_jacket._In_the_b_ae940305-809a-4aa4-9e3a-68207f23e06e-1024x683.png 1024w, https:\/\/www.comturquoise.fr\/developpement-personnel-france\/wp-content\/uploads\/2025\/06\/futurist4871_The_man_is_wearing_a_long-sleeved_jacket._In_the_b_ae940305-809a-4aa4-9e3a-68207f23e06e-300x200.png 300w, https:\/\/www.comturquoise.fr\/developpement-personnel-france\/wp-content\/uploads\/2025\/06\/futurist4871_The_man_is_wearing_a_long-sleeved_jacket._In_the_b_ae940305-809a-4aa4-9e3a-68207f23e06e-768x512.png 768w, https:\/\/www.comturquoise.fr\/developpement-personnel-france\/wp-content\/uploads\/2025\/06\/futurist4871_The_man_is_wearing_a_long-sleeved_jacket._In_the_b_ae940305-809a-4aa4-9e3a-68207f23e06e-1536x1024.png 1536w, https:\/\/www.comturquoise.fr\/developpement-personnel-france\/wp-content\/uploads\/2025\/06\/futurist4871_The_man_is_wearing_a_long-sleeved_jacket._In_the_b_ae940305-809a-4aa4-9e3a-68207f23e06e-2048x1365.png 2048w, https:\/\/www.comturquoise.fr\/developpement-personnel-france\/wp-content\/uploads\/2025\/06\/futurist4871_The_man_is_wearing_a_long-sleeved_jacket._In_the_b_ae940305-809a-4aa4-9e3a-68207f23e06e-1920x1280.png 1920w, https:\/\/www.comturquoise.fr\/developpement-personnel-france\/wp-content\/uploads\/2025\/06\/futurist4871_The_man_is_wearing_a_long-sleeved_jacket._In_the_b_ae940305-809a-4aa4-9e3a-68207f23e06e-939x626.png 939w\" sizes=\"(max-width: 1024px) 100vw, 1024px\" \/><figcaption>PATRICE VAN EERSEL<\/figcaption><\/figure>\n<figcaption class=\"blocks-gallery-caption\">Des \u00e9v\u00e9nements qui ouvrent les c\u0153urs, \u00e9largissent l\u2019esprit, et facilitent la prise de conscience que le Beau \u00e9l\u00e8ve l\u2019\u00e2me.<\/figcaption><\/figure>\n\n\n\n<div style=\"height:42px\" aria-hidden=\"true\" class=\"wp-block-spacer\"><\/div>\n\n\n\n<p style=\"font-size:18px;line-height:1.6\">\u2026 Le sens du Beau, point important pour Com Turquoise qui s\u2019attache \u00e0 l\u2019harmonie des couleurs et \u00e0 la fluidit\u00e9 des mots.<\/p>\n\n\n\n<p style=\"font-size:18px;line-height:1.6\"><strong>Com Turquoise<\/strong>&nbsp;a pour sp\u00e9cificit\u00e9 d\u2019entrer en r\u00e9sonance avec votre propre talent, ou selon, avec la port\u00e9e lumineuse de l\u2019\u00e9v\u00e9nement, de ressentir ce qui vous anime et de vous promouvoir<\/p>\n\n\n\n<div style=\"height:42px\" aria-hidden=\"true\" class=\"wp-block-spacer\"><\/div>\n\n\n\n<div class=\"wp-block-cover alignwide is-light\" style=\"min-height:410px\"><span aria-hidden=\"true\" class=\"wp-block-cover__background has-background-dim-30 has-background-dim\"><\/span><img loading=\"lazy\" width=\"590\" height=\"376\" class=\"wp-block-cover__image-background wp-image-570\" alt=\"\" src=\"https:\/\/www.comturquoise.fr\/developpement-personnel-france\/wp-content\/uploads\/2025\/01\/CFPJ-relation-presse.jpg\" style=\"object-position:47% 32%\" data-object-fit=\"cover\" data-object-position=\"47% 32%\" srcset=\"https:\/\/www.comturquoise.fr\/developpement-personnel-france\/wp-content\/uploads\/2025\/01\/CFPJ-relation-presse.jpg 590w, https:\/\/www.comturquoise.fr\/developpement-personnel-france\/wp-content\/uploads\/2025\/01\/CFPJ-relation-presse-300x191.jpg 300w\" sizes=\"(max-width: 590px) 100vw, 590px\" \/><div class=\"wp-block-cover__inner-container\">\n<p class=\"has-text-align-center has-white-color has-text-color has-large-font-size\"><strong>Accompagnement d\u2019auteurs : du manuscrit \u00e0 la maison d&rsquo;\u00e9dition<\/strong><\/p>\n<\/div><\/div>\n\n\n\n<div style=\"height:42px\" aria-hidden=\"true\" class=\"wp-block-spacer\"><\/div>\n\n\n\n<p style=\"font-size:18px;line-height:1.6\">Depuis plus de 10 ans, Com Turquoise c\u00f4toie l\u2019univers du d\u00e9veloppement personnel et en connait les auteurs, les \u00e9diteurs, les organisateurs de Salons, les communicants, les libraires, les lieux pour proc\u00e9der aux conf\u00e9rences, s\u00e9minaires et stages.<\/p>\n\n\n\n<p style=\"font-size:18px;line-height:1.6\"><strong>Objet des ouvrages :<\/strong>&nbsp;\u00c9veil des consciences, Changement de paradigme, transformation int\u00e9rieure, changement de vie, sant\u00e9 alternative, travail sur soi, etc.<\/p>\n\n\n\n<ul style=\"font-size:18px;line-height:1.6\"><li>\u00c9coute, \u00e9change et partage avec l\u2019auteur<\/li><li>Conseils, orientations : du manuscrit \u00e0 la maison d\u2019\u00e9dition, de la promotion du livre et de l\u2019auteur \u00e0 la premi\u00e8re conf\u00e9rence.<\/li><li>Suivi et accompagnement de l\u2019auteur lors de la sortie d\u2019un ouvrage<\/li><li>Choix des mots, \u00e9criture d\u2019un dossier de presse, communiqu\u00e9, flyer<\/li><li>Porter \u00e0 connaissance aupr\u00e8s des m\u00e9dias, des particuliers, des salons, faire savoir, en parler<\/li><li>Apporter de la visibilit\u00e9, Etre en \u00e9tat de veille<\/li><\/ul>\n\n\n\n<h2>Communication web<\/h2>\n\n\n\n<p style=\"font-size:18px;line-height:1.6\">Plate-forme enti\u00e8rement d\u00e9di\u00e9e au d\u00e9veloppement personnel, aux valeurs humaines, au changement de paradigme, au lien Homme\/Nature, \u00e0 la Spiritualit\u00e9 naturelle, \u00e0 la sant\u00e9 alternative.<\/p>\n\n\n\n<p style=\"font-size:18px;line-height:1.6\"><strong>Pour annoncer votre \u00e9v\u00e9nement, stage, conf\u00e9rence, s\u00e9minaire :<\/strong><\/p>\n\n\n\n<ul style=\"font-size:18px;line-height:1.6\"><li>Newsletter Com Turquoise<\/li><li>Focus Com Turquoise<\/li><li>H\u00e9bergement sur le site ComTurquoise.fr<\/li><li>Mise en valeur de votre livre<\/li><\/ul>\n\n\n\n<p style=\"font-size:18px\"><em>Com Turquoise se r\u00e9serve le choix de ces annonces afin d\u2019assurer aux lecteurs la qualit\u00e9 des informations.<\/em>.<\/p>\n","protected":false},"excerpt":{"rendered":"<p>Cr\u00e9\u00e9e en septembre 2006 par Christine Mallen,&nbsp;Com Turquoise&nbsp;est une agence de communication\/relations presse destin\u00e9e \u00e0 promouvoir tout ce qui am\u00e8ne l\u2019\u00eatre \u00e0 son \u00e9volution personnelle, spirituelle, \u00e0 travers : \u00e9v\u00e9nements, [&hellip;]<\/p>\n","protected":false},"author":1,"featured_media":0,"parent":0,"menu_order":0,"comment_status":"closed","ping_status":"closed","template":"","meta":[],"_links":{"self":[{"href":"https:\/\/www.comturquoise.fr\/developpement-personnel-france\/wp-json\/wp\/v2\/pages\/550"}],"collection":[{"href":"https:\/\/www.comturquoise.fr\/developpement-personnel-france\/wp-json\/wp\/v2\/pages"}],"about":[{"href":"https:\/\/www.comturquoise.fr\/developpement-personnel-france\/wp-json\/wp\/v2\/types\/page"}],"author":[{"embeddable":true,"href":"https:\/\/www.comturquoise.fr\/developpement-personnel-france\/wp-json\/wp\/v2\/users\/1"}],"replies":[{"embeddable":true,"href":"https:\/\/www.comturquoise.fr\/developpement-personnel-france\/wp-json\/wp\/v2\/comments?post=550"}],"version-history":[{"count":43,"href":"https:\/\/www.comturquoise.fr\/developpement-personnel-france\/wp-json\/wp\/v2\/pages\/550\/revisions"}],"predecessor-version":[{"id":934,"href":"https:\/\/www.comturquoise.fr\/developpement-personnel-france\/wp-json\/wp\/v2\/pages\/550\/revisions\/934"}],"wp:attachment":[{"href":"https:\/\/www.comturquoise.fr\/developpement-personnel-france\/wp-json\/wp\/v2\/media?parent=550"}],"curies":[{"name":"wp","href":"https:\/\/api.w.org\/{rel}","templated":true}]}}