{"id":2,"date":"2024-10-13T17:12:43","date_gmt":"2024-10-13T16:12:43","guid":{"rendered":"https:\/\/www.comturquoise.fr\/developpement-personnel-france\/?page_id=2"},"modified":"2026-04-06T19:38:45","modified_gmt":"2026-04-06T18:38:45","slug":"page-d-exemple","status":"publish","type":"page","link":"https:\/\/www.comturquoise.fr\/developpement-personnel-france\/page-d-exemple\/","title":{"rendered":"\u00ab\u00a0Coups de Coeur\u00a0\u00bb"},"content":{"rendered":"<p><span style=\"font-size: 14pt;\">Ah, le go\u00fbt du livre ! La joie de le transporter partout en esp\u00e9rant d\u00e9vorer quelques pages d\u00e8s que le <\/span><span style=\"font-size: 14pt;\">temps nous le permettra\u2026<\/span><\/p>\n<p><span style=\"font-size: 14pt;\">J\u2019esp\u00e8re partager avec vous l\u2019amour des livres, et souhaite vous proposer mes p\u00e9pites au gr\u00e9 de mes <\/span><span style=\"font-size: 14pt;\">lectures.<\/span><\/p>\n<p><span style=\"font-size: 14pt;\">Qu\u2019il s\u2019agisse de romans, de livres de d\u00e9veloppement personnel, de spiritualit\u00e9 ou de recettes de <\/span><span style=\"font-size: 14pt;\">cuisine, vous aurez l\u2019embarras du choix !<\/span><\/p>\n<p><span style=\"font-size: 14pt;\">Je laisserai une place particuli\u00e8re aux \u00e9ditions Mama : j\u2019adore cette maison d\u2019\u00e9dition, j\u2019aime les gens <\/span><span style=\"font-size: 14pt;\">qui la font vivre et qui lui insufflent leur \u00e9nergie.<\/span><\/p>\n\n\n<div class=\"wp-block-media-text alignwide is-stacked-on-mobile is-vertically-aligned-top\" style=\"grid-template-columns:39% auto\"><figure class=\"wp-block-media-text__media\"><img loading=\"lazy\" width=\"635\" height=\"1024\" src=\"https:\/\/www.comturquoise.fr\/developpement-personnel-france\/wp-content\/uploads\/2025\/04\/9782845947924-001-X-635x1024.jpg\" alt=\"\" class=\"wp-image-652 size-full\" srcset=\"https:\/\/www.comturquoise.fr\/developpement-personnel-france\/wp-content\/uploads\/2025\/04\/9782845947924-001-X-635x1024.jpg 635w, https:\/\/www.comturquoise.fr\/developpement-personnel-france\/wp-content\/uploads\/2025\/04\/9782845947924-001-X-186x300.jpg 186w, https:\/\/www.comturquoise.fr\/developpement-personnel-france\/wp-content\/uploads\/2025\/04\/9782845947924-001-X-768x1239.jpg 768w, https:\/\/www.comturquoise.fr\/developpement-personnel-france\/wp-content\/uploads\/2025\/04\/9782845947924-001-X-952x1536.jpg 952w, https:\/\/www.comturquoise.fr\/developpement-personnel-france\/wp-content\/uploads\/2025\/04\/9782845947924-001-X-1270x2048.jpg 1270w, https:\/\/www.comturquoise.fr\/developpement-personnel-france\/wp-content\/uploads\/2025\/04\/9782845947924-001-X.jpg 1400w\" sizes=\"(max-width: 635px) 100vw, 635px\" \/><\/figure><div class=\"wp-block-media-text__content\">\n<h3><em>Les morts ont parfois besoin d\u2019aide Et \u00e7a nous fait du bien de les aider<\/em><\/h3>\n\n\n\n<h5>Pierre Halter &#8211; Mama Editions<\/h5>\n\n\n\n<h4>&nbsp;<\/h4>\n<blockquote>\n<p><span style=\"font-size: 14pt;\">Ce livre nous montre \u00e0 quel point notre humanit\u00e9 change de <\/span><span style=\"font-size: 14pt;\">niveau de conscience : l\u2019auteur d\u00e9c\u00e8le la pr\u00e9sence des d\u00e9funts <\/span><span style=\"font-size: 14pt;\">qui sont bloqu\u00e9s derri\u00e8re le Voile, sans pouvoir acc\u00e9der \u00e0 la <\/span><span style=\"font-size: 14pt;\">Lumi\u00e8re. Et gr\u00e2ce \u00e0 Pierre Halter, en collaboration avec les <\/span><span style=\"font-size: 14pt;\">vivants concern\u00e9s, ces \u00eatres sont lib\u00e9r\u00e9s. Et la paix revient.<\/span><br><span style=\"font-size: 14pt;\">Les capacit\u00e9s de Pierre Halter sont \u00e9tonnantes : elles nous <\/span><span style=\"font-size: 14pt;\">ouvrent \u00e0 l\u2019invisible et \u00e9largissent notre conscience. Merci \u00e0 lui. <\/span><span style=\"font-size: 14pt;\">La prise de conscience de la Vie apr\u00e8s la vie est en route, mais il <\/span><span style=\"font-size: 14pt;\">reste du chemin \u00e0 parcourir. C\u2019est gr\u00e2ce \u00e0 des personnes <\/span><span style=\"font-size: 14pt;\">comme Pierre que nous y parvenons.<\/span><\/p>\n<\/blockquote>\n\n\n\n<p><\/p>\n<\/div><\/div>\n\n\n\n<div style=\"height:100px\" aria-hidden=\"true\" class=\"wp-block-spacer\"><\/div>\n\n\n\n<div class=\"wp-block-media-text alignwide is-stacked-on-mobile is-vertically-aligned-top\" style=\"grid-template-columns:39% auto\"><figure class=\"wp-block-media-text__media\"><img loading=\"lazy\" width=\"512\" height=\"803\" src=\"https:\/\/www.comturquoise.fr\/developpement-personnel-france\/wp-content\/uploads\/2025\/04\/9782845945630-001-X.webp\" alt=\"\" class=\"wp-image-658 size-full\"\/><\/figure><div class=\"wp-block-media-text__content\">\n<h3><em>Les Voies de l\u2019eau<\/em><\/h3>\n\n\n\n<h5>Anne Paris Leina Sato <br>Marie-H\u00e9l\u00e8ne Sulmoni<br>Mama Editions<\/h5>\n\n\n\n<h4>&nbsp;<\/h4>\n<blockquote>\n<p><span style=\"font-size: 14pt;\">Les voies de l&rsquo;eau est un livre magnifique, tress\u00e9 par trois <\/span><span style=\"font-size: 14pt;\">femmes dont les \u00e2mes rayonnent. La sensation qui demeure est <\/span><span style=\"font-size: 14pt;\">celle de l&rsquo;apesanteur. Car cette eau qui les entoure et les rend \u00e0 <\/span><span style=\"font-size: 14pt;\">elles-m\u00eames nous impr\u00e8gne tout au long de ce r\u00e9cit.. Silence <\/span><span style=\"font-size: 14pt;\">des profondeurs, l\u00e9g\u00e8ret\u00e9 des corps, messages aquatiques <\/span><span style=\"font-size: 14pt;\">puissants, espace sacr\u00e9&#8230;L&rsquo;eau les inspire et nous met \u00e0 l&rsquo;\u00e9coute <\/span><span style=\"font-size: 14pt;\">de nous-m\u00eames. <\/span><span style=\"font-size: 14pt;\">Pour les autrices, l&rsquo;eau est vivante. Dou\u00e9e d&rsquo;une m\u00e9moire, elle <\/span><span style=\"font-size: 14pt;\">communique avec les \u00eatres qui l&rsquo;entourent et nous adresse un <\/span><span style=\"font-size: 14pt;\">appel puissant que nous sommes de plus en plus nombreux \u00e0 <\/span><span style=\"font-size: 14pt;\">ressentir. Ces trois praticienne et tisseuse d&rsquo;eau partagent dans <\/span><span style=\"font-size: 14pt;\">cet ouvrage leur exp\u00e9rience et leurs rituels pour nous faire <\/span><span style=\"font-size: 14pt;\">(re)d\u00e9couvrir cette irrempla\u00e7able alli\u00e9e dans l&rsquo;intime et <\/span><span style=\"font-size: 14pt;\">l&rsquo;universel.<\/span><\/p>\n<\/blockquote>\n\n\n\n<p><\/p>\n<\/div><\/div>\n\n\n\n<div style=\"height:100px\" aria-hidden=\"true\" class=\"wp-block-spacer\"><\/div>\n\n\n\n<div class=\"wp-block-media-text alignwide is-stacked-on-mobile is-vertically-aligned-top\" style=\"grid-template-columns:39% auto\"><figure class=\"wp-block-media-text__media\"><img loading=\"lazy\" width=\"683\" height=\"1024\" src=\"https:\/\/www.comturquoise.fr\/developpement-personnel-france\/wp-content\/uploads\/2025\/04\/711JqnbT84L-683x1024.jpg\" alt=\"\" class=\"wp-image-664 size-full\" srcset=\"https:\/\/www.comturquoise.fr\/developpement-personnel-france\/wp-content\/uploads\/2025\/04\/711JqnbT84L-683x1024.jpg 683w, https:\/\/www.comturquoise.fr\/developpement-personnel-france\/wp-content\/uploads\/2025\/04\/711JqnbT84L-200x300.jpg 200w, https:\/\/www.comturquoise.fr\/developpement-personnel-france\/wp-content\/uploads\/2025\/04\/711JqnbT84L-768x1152.jpg 768w, https:\/\/www.comturquoise.fr\/developpement-personnel-france\/wp-content\/uploads\/2025\/04\/711JqnbT84L-1024x1536.jpg 1024w, https:\/\/www.comturquoise.fr\/developpement-personnel-france\/wp-content\/uploads\/2025\/04\/711JqnbT84L-1365x2048.jpg 1365w, https:\/\/www.comturquoise.fr\/developpement-personnel-france\/wp-content\/uploads\/2025\/04\/711JqnbT84L.jpg 1400w\" sizes=\"(max-width: 683px) 100vw, 683px\" \/><\/figure><div class=\"wp-block-media-text__content\">\n<h3>Les Enfants des Etoiles<\/h3>\n\n\n\n<h5>Agn\u00e8s St\u00e9venin<br>Mama Editions<\/h5>\n\n\n\n<h4>&nbsp;<\/h4>\n<blockquote>\n<p><span style=\"font-size: 14pt;\">Ce livre m&rsquo;enthousiasme ! comme tous les livres d&rsquo;Agnes <\/span><span style=\"font-size: 14pt;\">Stevenin .<\/span><br><span style=\"font-size: 14pt;\">Son travail de th\u00e9rapeute depuis de longues ann\u00e9es, les<\/span><br><span style=\"font-size: 14pt;\">\u00e9preuves de sa vie, et sa lumi\u00e8re lui permettent aujourd&rsquo;hui de <\/span><span style=\"font-size: 14pt;\">nous dire qu&rsquo;il existe parmi nous des \u00eatres d\u2019autres mondes.<\/span><\/p>\n<p><span style=\"font-size: 14pt;\">\u00ab Certaines personnes entrent en r\u00e9sonance avec des <\/span><span style=\"font-size: 14pt;\">dimensions vibratoires parall\u00e8les ou, pour le dire autrement, <\/span><span style=\"font-size: 14pt;\">sont intimement connect\u00e9es \u00e0 des \u00eatres venus d\u2019autres <\/span><span style=\"font-size: 14pt;\">plan\u00e8tes. Par cette connexion, ces \u00eatres, qu\u2019on appelle les <\/span><span style=\"font-size: 14pt;\">Stellaires, viennent aider l\u2019humanit\u00e9. Ce sont des enfants des <\/span><span style=\"font-size: 14pt;\">\u00e9toiles.<\/span><\/p>\n<p><span style=\"font-size: 14pt;\">C\u2019est au contact de mes patients que j\u2019ai d\u00e9couvert cette cohabitation extraordinaire : il n\u2019est pas <\/span><span style=\"font-size: 14pt;\">toujours simple pour eux, qui sont si \u00e9volu\u00e9s mais bien souvent tr\u00e8s abim\u00e9s, de vivre dans le corps <\/span><span style=\"font-size: 14pt;\">biologique qui les re\u00e7oit et ils ont parfois besoin d\u2019aide. Gr\u00e2ce \u00e0 mon interaction avec les th\u00e9rapeutes <\/span><span style=\"font-size: 14pt;\">de l\u2019invisible, des soins peuvent leur \u00eatre prodigu\u00e9s. <\/span><span style=\"font-size: 14pt;\">Agn\u00e8s a le don de nous communiquer une telle clart\u00e9 d&rsquo;amour que nous sortons de ses livres avec un <\/span><span style=\"font-size: 14pt;\">taux vibratoire automatiquement plus \u00e9lev\u00e9 ! <br>Merci \u00e0 elle.<\/span><\/p>\n<\/blockquote>\n<\/div><\/div>\n\n\n\n<div style=\"height:100px\" aria-hidden=\"true\" class=\"wp-block-spacer\"><\/div>\n\n\n\n<div class=\"wp-block-media-text alignwide is-stacked-on-mobile is-vertically-aligned-top\" style=\"grid-template-columns:39% auto\"><figure class=\"wp-block-media-text__media\"><img loading=\"lazy\" width=\"671\" height=\"1024\" src=\"https:\/\/www.comturquoise.fr\/developpement-personnel-france\/wp-content\/uploads\/2025\/04\/81piRpVYUfL-671x1024.jpg\" alt=\"\" class=\"wp-image-669 size-full\" srcset=\"https:\/\/www.comturquoise.fr\/developpement-personnel-france\/wp-content\/uploads\/2025\/04\/81piRpVYUfL-671x1024.jpg 671w, https:\/\/www.comturquoise.fr\/developpement-personnel-france\/wp-content\/uploads\/2025\/04\/81piRpVYUfL-197x300.jpg 197w, https:\/\/www.comturquoise.fr\/developpement-personnel-france\/wp-content\/uploads\/2025\/04\/81piRpVYUfL-768x1172.jpg 768w, https:\/\/www.comturquoise.fr\/developpement-personnel-france\/wp-content\/uploads\/2025\/04\/81piRpVYUfL-1007x1536.jpg 1007w, https:\/\/www.comturquoise.fr\/developpement-personnel-france\/wp-content\/uploads\/2025\/04\/81piRpVYUfL-1342x2048.jpg 1342w, https:\/\/www.comturquoise.fr\/developpement-personnel-france\/wp-content\/uploads\/2025\/04\/81piRpVYUfL.jpg 1400w\" sizes=\"(max-width: 671px) 100vw, 671px\" \/><\/figure><div class=\"wp-block-media-text__content\">\n<h3>Shaman<br>L\u2019aventure Stellaire<br>Tome I La Messag\u00e8re des arbres<\/h3>\n\n\n\n<h5>Tigran<br>Mama Editions<\/h5>\n\n\n\n<h4>&nbsp;<\/h4>\n<blockquote>\n<p><span style=\"font-size: 14pt;\">Ce livre m&rsquo;enchante. Bien plus, plus que tous les autres SHAMAN, <\/span><span style=\"font-size: 14pt;\">il m&rsquo;envo\u00fbte : c&rsquo;est \u00e0 la fois un conte, un enseignement, un chant.<\/span><br><span style=\"font-size: 14pt;\">C&rsquo;est un croisement de personnages, tous reli\u00e9s, tous appel\u00e9s \u00e0 <\/span><span style=\"font-size: 14pt;\">percer les myst\u00e8res de l&rsquo;invisible&#8230; Seta, la messag\u00e8re des arbres, <\/span><span style=\"font-size: 14pt;\">chamane de Mongolie, s&rsquo;unit dans l&rsquo;invisible \u00e0 Yassin, \u00e9gyptien <\/span><span style=\"font-size: 14pt;\">cheminant dans le Sahara, prot\u00e9g\u00e9 par Horus et R\u00e2&#8230; Je plonge <\/span><span style=\"font-size: 14pt;\">dans SHAMAN comme dans un songe&#8230;et j&rsquo;attends avec<\/span><br><span style=\"font-size: 14pt;\">impatience le tome II&#8230;<\/span><br><span style=\"font-size: 14pt;\">\u00ab Ses cheveux noir de jais sont entrem\u00eal\u00e9s d\u2019aiguilles de pin. <\/span><span style=\"font-size: 14pt;\">Ses yeux noisette brillent de l\u2019\u00e9clat de ses quinze ans et ses mains <\/span><span style=\"font-size: 14pt;\">ont la rugosit\u00e9 particuli\u00e8re de <\/span><span style=\"font-size: 14pt;\">ceux qui vivent au contact des arbres et de la terre. Seta se&nbsp;<\/span><span style=\"font-size: 14pt;\">d\u00e9place rapidement <\/span><span style=\"font-size: 14pt;\">entre les troncs et les rochers, gravissant la colline o\u00f9 la pr\u00e9c\u00e8de Uh\u00f6l, son alli\u00e9 <\/span><span style=\"font-size: 14pt;\">le loup blanc. \u00c0 l\u2019\u00e9quinoxe de printemps, ils chassent ensemble \u00e0 l\u2019occasion du <\/span><span style=\"font-size: 14pt;\">rituel qu\u2019elle perp\u00e9tue chaque ann\u00e9e. Un rituel venu du fond des \u00e2ges, que l\u2019une <\/span><span style=\"font-size: 14pt;\">de ses anc\u00eatres chamanes lui a enseign\u00e9 \u00e0 travers un r\u00eave. \u00bb<\/span><br><span style=\"font-size: 14pt;\">&nbsp;<\/span><br><span style=\"font-size: 14pt;\">De retour en contr\u00e9es sib\u00e9riennes apr\u00e8s son p\u00e9riple am\u00e9rindien, la jeune Seta, fille de Tangri et de <\/span><span style=\"font-size: 14pt;\">Hilga, est \u00e0 pr\u00e9sent une adolescente en qu\u00eate d\u2019exp\u00e9riences et de connaissances. L\u2019heure est venue <\/span><span style=\"font-size: 14pt;\">pour elle de renouer avec le chamanisme des grandes for\u00eats sauvages avant de partir \u00e0 l\u2019aventure <\/span><span style=\"font-size: 14pt;\">pour d\u00e9couvrir les myst\u00e8res d\u2019anciennes civilisations.<\/span><\/p>\n<p><span style=\"font-size: 14pt;\">Troisi\u00e8me saison de la s\u00e9rie Shaman, L\u2019Aventure stellaire nous plonge dans une qu\u00eate spirituelle <\/span><span style=\"font-size: 14pt;\">entre plusieurs cultures. Un cheminement aux fronti\u00e8res du r\u00e9el et \u00e0 la d\u00e9couverte de pouvoirs <\/span><span style=\"font-size: 14pt;\">subtils \u2013 pour que le chant de l\u2019\u00e2me soit entendu et ses lumi\u00e8res partag\u00e9es.<\/span><\/p>\n<\/blockquote>\n\n\n\n<p><\/p>\n<\/div><\/div>\n","protected":false},"excerpt":{"rendered":"<p>Ah, le go\u00fbt du livre ! La joie de le transporter partout en esp\u00e9rant d\u00e9vorer quelques pages d\u00e8s que le temps nous le permettra\u2026 J\u2019esp\u00e8re partager avec vous l\u2019amour des [&hellip;]<\/p>\n","protected":false},"author":1,"featured_media":0,"parent":0,"menu_order":0,"comment_status":"closed","ping_status":"open","template":"","meta":[],"_links":{"self":[{"href":"https:\/\/www.comturquoise.fr\/developpement-personnel-france\/wp-json\/wp\/v2\/pages\/2"}],"collection":[{"href":"https:\/\/www.comturquoise.fr\/developpement-personnel-france\/wp-json\/wp\/v2\/pages"}],"about":[{"href":"https:\/\/www.comturquoise.fr\/developpement-personnel-france\/wp-json\/wp\/v2\/types\/page"}],"author":[{"embeddable":true,"href":"https:\/\/www.comturquoise.fr\/developpement-personnel-france\/wp-json\/wp\/v2\/users\/1"}],"replies":[{"embeddable":true,"href":"https:\/\/www.comturquoise.fr\/developpement-personnel-france\/wp-json\/wp\/v2\/comments?post=2"}],"version-history":[{"count":26,"href":"https:\/\/www.comturquoise.fr\/developpement-personnel-france\/wp-json\/wp\/v2\/pages\/2\/revisions"}],"predecessor-version":[{"id":1049,"href":"https:\/\/www.comturquoise.fr\/developpement-personnel-france\/wp-json\/wp\/v2\/pages\/2\/revisions\/1049"}],"wp:attachment":[{"href":"https:\/\/www.comturquoise.fr\/developpement-personnel-france\/wp-json\/wp\/v2\/media?parent=2"}],"curies":[{"name":"wp","href":"https:\/\/api.w.org\/{rel}","templated":true}]}}